{"id":1139,"date":"2022-09-05T10:15:27","date_gmt":"2022-09-05T10:15:27","guid":{"rendered":"https:\/\/www.svctrail.it\/accueil\/velos-de-route\/"},"modified":"2023-02-22T15:55:55","modified_gmt":"2023-02-22T15:55:55","slug":"velos-de-route","status":"publish","type":"page","link":"https:\/\/www.svctrail.it\/fr\/accueil\/velos-de-route\/","title":{"rendered":"V\u00e9los de route"},"content":{"rendered":"\t\t<div data-elementor-type=\"wp-page\" data-elementor-id=\"1139\" class=\"elementor elementor-1139 elementor-137\" data-elementor-post-type=\"page\">\n\t\t\t\t\t\t<section class=\"elementor-section elementor-top-section elementor-element elementor-element-bcfeecc elementor-section-full_width elementor-section-height-default elementor-section-height-default\" data-id=\"bcfeecc\" data-element_type=\"section\" data-e-type=\"section\">\n\t\t\t\t\t\t<div class=\"elementor-container elementor-column-gap-default\">\n\t\t\t\t\t<div class=\"elementor-column elementor-col-100 elementor-top-column elementor-element elementor-element-f3fb032\" data-id=\"f3fb032\" data-element_type=\"column\" data-e-type=\"column\">\n\t\t\t<div class=\"elementor-widget-wrap elementor-element-populated\">\n\t\t\t\t\t\t<div class=\"elementor-element elementor-element-0b81681 elementor-widget elementor-widget-shortcode\" data-id=\"0b81681\" data-element_type=\"widget\" data-e-type=\"widget\" data-widget_type=\"shortcode.default\">\n\t\t\t\t<div class=\"elementor-widget-container\">\n\t\t\t\t\t\t\t<div class=\"elementor-shortcode\">\t\t<div id=\"maps-marker-pro-7224b438\" class=\"maps-marker-pro\" style=\"width: 100%;\">\r\n\t\t\t<div id=\"mmp-map-wrap-7224b438\" class=\"mmp-map-wrap\">\r\n\t\t\t\t\t\t\t\t<div id=\"mmp-map-7224b438\" class=\"mmp-map\" style=\"height: 500px;\"><\/div>\r\n\t\t\t\t\t\t\t\t\t<div id=\"mmp-chart-wrap-7224b438\" class=\"mmp-gpx-chart-wrap\" style=\"height: 200px;\"><\/div>\r\n\t\t\t\t\t\t\t<\/div>\r\n\t\t\t\t\t<\/div>\r\n\t\t<\/div>\n\t\t\t\t\t\t<\/div>\n\t\t\t\t<\/div>\n\t\t\t\t\t<\/div>\n\t\t<\/div>\n\t\t\t\t\t<\/div>\n\t\t<\/section>\n\t\t\t\t<section class=\"elementor-section elementor-top-section elementor-element elementor-element-850e554 elementor-section-height-min-height elementor-section-full_width elementor-section-height-default elementor-section-items-middle\" data-id=\"850e554\" data-element_type=\"section\" data-e-type=\"section\" data-settings=\"{&quot;background_background&quot;:&quot;classic&quot;}\">\n\t\t\t\t\t\t<div class=\"elementor-container elementor-column-gap-default\">\n\t\t\t\t\t<div class=\"elementor-column elementor-col-100 elementor-top-column elementor-element elementor-element-854d95b\" data-id=\"854d95b\" data-element_type=\"column\" data-e-type=\"column\">\n\t\t\t<div class=\"elementor-widget-wrap elementor-element-populated\">\n\t\t\t\t\t\t<section class=\"elementor-section elementor-inner-section elementor-element elementor-element-ea25983 elementor-section-full_width elementor-section-height-default elementor-section-height-default\" data-id=\"ea25983\" data-element_type=\"section\" data-e-type=\"section\">\n\t\t\t\t\t\t<div class=\"elementor-container elementor-column-gap-default\">\n\t\t\t\t\t<div class=\"elementor-column elementor-col-50 elementor-inner-column elementor-element elementor-element-3abbc57\" data-id=\"3abbc57\" data-element_type=\"column\" data-e-type=\"column\">\n\t\t\t<div class=\"elementor-widget-wrap elementor-element-populated\">\n\t\t\t\t\t\t<div class=\"elementor-element elementor-element-1612f7e elementor-widget elementor-widget-heading\" data-id=\"1612f7e\" data-element_type=\"widget\" data-e-type=\"widget\" data-widget_type=\"heading.default\">\n\t\t\t\t<div class=\"elementor-widget-container\">\n\t\t\t\t\t<h2 class=\"elementor-heading-title elementor-size-default\">V\u00e9los de route<\/h2>\t\t\t\t<\/div>\n\t\t\t\t<\/div>\n\t\t\t\t\t<\/div>\n\t\t<\/div>\n\t\t\t\t<div class=\"elementor-column elementor-col-50 elementor-inner-column elementor-element elementor-element-7c90ffa\" data-id=\"7c90ffa\" data-element_type=\"column\" data-e-type=\"column\">\n\t\t\t<div class=\"elementor-widget-wrap elementor-element-populated\">\n\t\t\t\t\t\t<div class=\"elementor-element elementor-element-90ad939 elementor-position-inline-end elementor-mobile-position-inline-end elementor-view-default elementor-widget elementor-widget-icon-box\" data-id=\"90ad939\" data-element_type=\"widget\" data-e-type=\"widget\" data-widget_type=\"icon-box.default\">\n\t\t\t\t<div class=\"elementor-widget-container\">\n\t\t\t\t\t\t\t<div class=\"elementor-icon-box-wrapper\">\n\n\t\t\t\t\t\t<div class=\"elementor-icon-box-icon\">\n\t\t\t\t<a href=\"https:\/\/www.svctrail.it\/wp-content\/uploads\/2022\/09\/BdC-Superga-Vezzolano-Crea.gpx\" class=\"elementor-icon\" tabindex=\"-1\" aria-label=\"GPX\">\n\t\t\t\t<svg aria-hidden=\"true\" class=\"e-font-icon-svg e-fas-download\" viewBox=\"0 0 512 512\" xmlns=\"http:\/\/www.w3.org\/2000\/svg\"><path d=\"M216 0h80c13.3 0 24 10.7 24 24v168h87.7c17.8 0 26.7 21.5 14.1 34.1L269.7 378.3c-7.5 7.5-19.8 7.5-27.3 0L90.1 226.1c-12.6-12.6-3.7-34.1 14.1-34.1H192V24c0-13.3 10.7-24 24-24zm296 376v112c0 13.3-10.7 24-24 24H24c-13.3 0-24-10.7-24-24V376c0-13.3 10.7-24 24-24h146.7l49 49c20.1 20.1 52.5 20.1 72.6 0l49-49H488c13.3 0 24 10.7 24 24zm-124 88c0-11-9-20-20-20s-20 9-20 20 9 20 20 20 20-9 20-20zm64 0c0-11-9-20-20-20s-20 9-20 20 9 20 20 20 20-9 20-20z\"><\/path><\/svg>\t\t\t\t<\/a>\n\t\t\t<\/div>\n\t\t\t\n\t\t\t\t\t\t<div class=\"elementor-icon-box-content\">\n\n\t\t\t\t\t\t\t\t\t<h3 class=\"elementor-icon-box-title\">\n\t\t\t\t\t\t<a href=\"https:\/\/www.svctrail.it\/wp-content\/uploads\/2022\/09\/BdC-Superga-Vezzolano-Crea.gpx\" >\n\t\t\t\t\t\t\tGPX\t\t\t\t\t\t<\/a>\n\t\t\t\t\t<\/h3>\n\t\t\t\t\n\t\t\t\t\n\t\t\t<\/div>\n\t\t\t\n\t\t<\/div>\n\t\t\t\t\t\t<\/div>\n\t\t\t\t<\/div>\n\t\t\t\t\t<\/div>\n\t\t<\/div>\n\t\t\t\t\t<\/div>\n\t\t<\/section>\n\t\t\t\t<div class=\"elementor-element elementor-element-0b38754 elementor-widget elementor-widget-text-editor\" data-id=\"0b38754\" data-element_type=\"widget\" data-e-type=\"widget\" data-widget_type=\"text-editor.default\">\n\t\t\t\t<div class=\"elementor-widget-container\">\n\t\t\t\t\t\t\t\t\t<p>Le parcours Superga Vezzolano Crea, con\u00e7u sur des routes secondaires pittoresques, \u00e0 l&rsquo;\u00e9cart de la circulation, parmi les collines, les bois et les vignobles, est un itin\u00e9raire d&rsquo;environ 72 km pour les cyclistes qui aiment la d\u00e9tente et la nature, traversant trois lieux de grand prestige culturel, historique et religieux comme le  <i>Basilique de Superga<\/i>, le  Le <i>presbyt\u00e8re de Vezzolano<\/i> et le sanctuaire du  <i>Sacro Monte di Crea.<\/i><\/p>\n\t\t\t\t\t\t\t\t<\/div>\n\t\t\t\t<\/div>\n\t\t\t\t\t<\/div>\n\t\t<\/div>\n\t\t\t\t\t<\/div>\n\t\t<\/section>\n\t\t\t\t<section class=\"elementor-section elementor-top-section elementor-element elementor-element-3715106 elementor-section-full_width elementor-section-height-default elementor-section-height-default\" data-id=\"3715106\" data-element_type=\"section\" data-e-type=\"section\">\n\t\t\t\t\t\t<div class=\"elementor-container elementor-column-gap-default\">\n\t\t\t\t\t<div class=\"elementor-column elementor-col-100 elementor-top-column elementor-element elementor-element-052cfbf\" data-id=\"052cfbf\" data-element_type=\"column\" data-e-type=\"column\">\n\t\t\t<div class=\"elementor-widget-wrap elementor-element-populated\">\n\t\t\t\t\t\t<div class=\"elementor-element elementor-element-64616cb elementor-widget elementor-widget-image\" data-id=\"64616cb\" data-element_type=\"widget\" data-e-type=\"widget\" data-widget_type=\"image.default\">\n\t\t\t\t<div class=\"elementor-widget-container\">\n\t\t\t\t\t\t\t\t\t\t\t\t\t\t\t<img fetchpriority=\"high\" decoding=\"async\" width=\"1920\" height=\"1280\" src=\"https:\/\/www.svctrail.it\/wp-content\/uploads\/2022\/09\/bikes-gc6823031b_1920.jpg\" class=\"attachment-full size-full wp-image-890\" alt=\"\" srcset=\"https:\/\/www.svctrail.it\/wp-content\/uploads\/2022\/09\/bikes-gc6823031b_1920.jpg 1920w, https:\/\/www.svctrail.it\/wp-content\/uploads\/2022\/09\/bikes-gc6823031b_1920-300x200.jpg 300w, https:\/\/www.svctrail.it\/wp-content\/uploads\/2022\/09\/bikes-gc6823031b_1920-1024x683.jpg 1024w, https:\/\/www.svctrail.it\/wp-content\/uploads\/2022\/09\/bikes-gc6823031b_1920-768x512.jpg 768w, https:\/\/www.svctrail.it\/wp-content\/uploads\/2022\/09\/bikes-gc6823031b_1920-1536x1024.jpg 1536w\" sizes=\"(max-width: 1920px) 100vw, 1920px\" \/>\t\t\t\t\t\t\t\t\t\t\t\t\t\t\t<\/div>\n\t\t\t\t<\/div>\n\t\t\t\t\t<\/div>\n\t\t<\/div>\n\t\t\t\t\t<\/div>\n\t\t<\/section>\n\t\t\t\t<\/div>\n\t\t","protected":false},"excerpt":{"rendered":"<p>V\u00e9los de route GPX Le parcours Superga Vezzolano Crea, con\u00e7u sur des routes secondaires pittoresques, \u00e0 l&rsquo;\u00e9cart de la circulation, parmi les collines, les bois et les vignobles, est un itin\u00e9raire d&rsquo;environ 72 km pour les cyclistes qui aiment la d\u00e9tente et la nature, traversant trois lieux de grand prestige culturel, historique et religieux comme [&hellip;]<\/p>\n","protected":false},"author":1,"featured_media":0,"parent":1012,"menu_order":0,"comment_status":"closed","ping_status":"closed","template":"elementor_header_footer","meta":{"footnotes":""},"class_list":["post-1139","page","type-page","status-publish","hentry"],"yoast_head":"<!-- This site is optimized with the Yoast SEO plugin v27.4 - https:\/\/yoast.com\/product\/yoast-seo-wordpress\/ -->\n<title>Superga Vezzolano Crea<\/title>\n<meta name=\"robots\" content=\"index, follow, max-snippet:-1, max-image-preview:large, max-video-preview:-1\" \/>\n<link rel=\"canonical\" href=\"https:\/\/www.svctrail.it\/superga-vezzolano-crea\/bici-da-strada\/\" \/>\n<meta property=\"og:locale\" content=\"fr_FR\" \/>\n<meta property=\"og:type\" content=\"article\" \/>\n<meta property=\"og:title\" content=\"Superga Vezzolano Crea\" \/>\n<meta property=\"og:description\" content=\"V\u00e9los de route GPX Le parcours Superga Vezzolano Crea, con\u00e7u sur des routes secondaires pittoresques, \u00e0 l&rsquo;\u00e9cart de la circulation, parmi les collines, les bois et les vignobles, est un itin\u00e9raire d&rsquo;environ 72 km pour les cyclistes qui aiment la d\u00e9tente et la nature, traversant trois lieux de grand prestige culturel, historique et religieux comme [&hellip;]\" \/>\n<meta property=\"og:url\" content=\"https:\/\/www.svctrail.it\/superga-vezzolano-crea\/bici-da-strada\/\" \/>\n<meta property=\"og:site_name\" content=\"SVC Trail\" \/>\n<meta property=\"article:modified_time\" content=\"2023-02-22T15:55:55+00:00\" \/>\n<meta property=\"og:image\" content=\"https:\/\/www.svctrail.it\/wp-content\/uploads\/2022\/09\/bikes-gc6823031b_1920.jpg\" \/>\n<meta name=\"twitter:card\" content=\"summary_large_image\" \/>\n<script type=\"application\/ld+json\" class=\"yoast-schema-graph\">{\"@context\":\"https:\\\/\\\/schema.org\",\"@graph\":[{\"@type\":\"WebPage\",\"@id\":\"https:\\\/\\\/www.svctrail.it\\\/superga-vezzolano-crea\\\/bici-da-strada\\\/\",\"url\":\"https:\\\/\\\/www.svctrail.it\\\/superga-vezzolano-crea\\\/bici-da-strada\\\/\",\"name\":\"Superga Vezzolano Crea\",\"isPartOf\":{\"@id\":\"https:\\\/\\\/www.svctrail.it\\\/#website\"},\"primaryImageOfPage\":{\"@id\":\"https:\\\/\\\/www.svctrail.it\\\/superga-vezzolano-crea\\\/bici-da-strada\\\/#primaryimage\"},\"image\":{\"@id\":\"https:\\\/\\\/www.svctrail.it\\\/superga-vezzolano-crea\\\/bici-da-strada\\\/#primaryimage\"},\"thumbnailUrl\":\"https:\\\/\\\/www.svctrail.it\\\/wp-content\\\/uploads\\\/2022\\\/09\\\/bikes-gc6823031b_1920.jpg\",\"datePublished\":\"2022-09-05T10:15:27+00:00\",\"dateModified\":\"2023-02-22T15:55:55+00:00\",\"breadcrumb\":{\"@id\":\"https:\\\/\\\/www.svctrail.it\\\/superga-vezzolano-crea\\\/bici-da-strada\\\/#breadcrumb\"},\"inLanguage\":\"fr-FR\",\"potentialAction\":[{\"@type\":\"ReadAction\",\"target\":[\"https:\\\/\\\/www.svctrail.it\\\/superga-vezzolano-crea\\\/bici-da-strada\\\/\"]}]},{\"@type\":\"ImageObject\",\"inLanguage\":\"fr-FR\",\"@id\":\"https:\\\/\\\/www.svctrail.it\\\/superga-vezzolano-crea\\\/bici-da-strada\\\/#primaryimage\",\"url\":\"https:\\\/\\\/www.svctrail.it\\\/wp-content\\\/uploads\\\/2022\\\/09\\\/bikes-gc6823031b_1920.jpg\",\"contentUrl\":\"https:\\\/\\\/www.svctrail.it\\\/wp-content\\\/uploads\\\/2022\\\/09\\\/bikes-gc6823031b_1920.jpg\"},{\"@type\":\"BreadcrumbList\",\"@id\":\"https:\\\/\\\/www.svctrail.it\\\/superga-vezzolano-crea\\\/bici-da-strada\\\/#breadcrumb\",\"itemListElement\":[{\"@type\":\"ListItem\",\"position\":1,\"name\":\"Home\",\"item\":\"https:\\\/\\\/www.svctrail.it\\\/\"},{\"@type\":\"ListItem\",\"position\":2,\"name\":\"Accueil\",\"item\":\"https:\\\/\\\/www.svctrail.it\\\/\"},{\"@type\":\"ListItem\",\"position\":3,\"name\":\"V\u00e9los de route\"}]},{\"@type\":\"WebSite\",\"@id\":\"https:\\\/\\\/www.svctrail.it\\\/#website\",\"url\":\"https:\\\/\\\/www.svctrail.it\\\/\",\"name\":\"SVC Trail\",\"description\":\"Superga Vezzolano Crea\",\"potentialAction\":[{\"@type\":\"SearchAction\",\"target\":{\"@type\":\"EntryPoint\",\"urlTemplate\":\"https:\\\/\\\/www.svctrail.it\\\/?s={search_term_string}\"},\"query-input\":{\"@type\":\"PropertyValueSpecification\",\"valueRequired\":true,\"valueName\":\"search_term_string\"}}],\"inLanguage\":\"fr-FR\"}]}<\/script>\n<!-- \/ Yoast SEO plugin. -->","yoast_head_json":{"title":"Superga Vezzolano Crea","robots":{"index":"index","follow":"follow","max-snippet":"max-snippet:-1","max-image-preview":"max-image-preview:large","max-video-preview":"max-video-preview:-1"},"canonical":"https:\/\/www.svctrail.it\/superga-vezzolano-crea\/bici-da-strada\/","og_locale":"fr_FR","og_type":"article","og_title":"Superga Vezzolano Crea","og_description":"V\u00e9los de route GPX Le parcours Superga Vezzolano Crea, con\u00e7u sur des routes secondaires pittoresques, \u00e0 l&rsquo;\u00e9cart de la circulation, parmi les collines, les bois et les vignobles, est un itin\u00e9raire d&rsquo;environ 72 km pour les cyclistes qui aiment la d\u00e9tente et la nature, traversant trois lieux de grand prestige culturel, historique et religieux comme [&hellip;]","og_url":"https:\/\/www.svctrail.it\/superga-vezzolano-crea\/bici-da-strada\/","og_site_name":"SVC Trail","article_modified_time":"2023-02-22T15:55:55+00:00","og_image":[{"url":"https:\/\/www.svctrail.it\/wp-content\/uploads\/2022\/09\/bikes-gc6823031b_1920.jpg","type":"","width":"","height":""}],"twitter_card":"summary_large_image","schema":{"@context":"https:\/\/schema.org","@graph":[{"@type":"WebPage","@id":"https:\/\/www.svctrail.it\/superga-vezzolano-crea\/bici-da-strada\/","url":"https:\/\/www.svctrail.it\/superga-vezzolano-crea\/bici-da-strada\/","name":"Superga Vezzolano Crea","isPartOf":{"@id":"https:\/\/www.svctrail.it\/#website"},"primaryImageOfPage":{"@id":"https:\/\/www.svctrail.it\/superga-vezzolano-crea\/bici-da-strada\/#primaryimage"},"image":{"@id":"https:\/\/www.svctrail.it\/superga-vezzolano-crea\/bici-da-strada\/#primaryimage"},"thumbnailUrl":"https:\/\/www.svctrail.it\/wp-content\/uploads\/2022\/09\/bikes-gc6823031b_1920.jpg","datePublished":"2022-09-05T10:15:27+00:00","dateModified":"2023-02-22T15:55:55+00:00","breadcrumb":{"@id":"https:\/\/www.svctrail.it\/superga-vezzolano-crea\/bici-da-strada\/#breadcrumb"},"inLanguage":"fr-FR","potentialAction":[{"@type":"ReadAction","target":["https:\/\/www.svctrail.it\/superga-vezzolano-crea\/bici-da-strada\/"]}]},{"@type":"ImageObject","inLanguage":"fr-FR","@id":"https:\/\/www.svctrail.it\/superga-vezzolano-crea\/bici-da-strada\/#primaryimage","url":"https:\/\/www.svctrail.it\/wp-content\/uploads\/2022\/09\/bikes-gc6823031b_1920.jpg","contentUrl":"https:\/\/www.svctrail.it\/wp-content\/uploads\/2022\/09\/bikes-gc6823031b_1920.jpg"},{"@type":"BreadcrumbList","@id":"https:\/\/www.svctrail.it\/superga-vezzolano-crea\/bici-da-strada\/#breadcrumb","itemListElement":[{"@type":"ListItem","position":1,"name":"Home","item":"https:\/\/www.svctrail.it\/"},{"@type":"ListItem","position":2,"name":"Accueil","item":"https:\/\/www.svctrail.it\/"},{"@type":"ListItem","position":3,"name":"V\u00e9los de route"}]},{"@type":"WebSite","@id":"https:\/\/www.svctrail.it\/#website","url":"https:\/\/www.svctrail.it\/","name":"SVC Trail","description":"Superga Vezzolano Crea","potentialAction":[{"@type":"SearchAction","target":{"@type":"EntryPoint","urlTemplate":"https:\/\/www.svctrail.it\/?s={search_term_string}"},"query-input":{"@type":"PropertyValueSpecification","valueRequired":true,"valueName":"search_term_string"}}],"inLanguage":"fr-FR"}]}},"_links":{"self":[{"href":"https:\/\/www.svctrail.it\/fr\/wp-json\/wp\/v2\/pages\/1139","targetHints":{"allow":["GET"]}}],"collection":[{"href":"https:\/\/www.svctrail.it\/fr\/wp-json\/wp\/v2\/pages"}],"about":[{"href":"https:\/\/www.svctrail.it\/fr\/wp-json\/wp\/v2\/types\/page"}],"author":[{"embeddable":true,"href":"https:\/\/www.svctrail.it\/fr\/wp-json\/wp\/v2\/users\/1"}],"replies":[{"embeddable":true,"href":"https:\/\/www.svctrail.it\/fr\/wp-json\/wp\/v2\/comments?post=1139"}],"version-history":[{"count":1,"href":"https:\/\/www.svctrail.it\/fr\/wp-json\/wp\/v2\/pages\/1139\/revisions"}],"predecessor-version":[{"id":1146,"href":"https:\/\/www.svctrail.it\/fr\/wp-json\/wp\/v2\/pages\/1139\/revisions\/1146"}],"up":[{"embeddable":true,"href":"https:\/\/www.svctrail.it\/fr\/wp-json\/wp\/v2\/pages\/1012"}],"wp:attachment":[{"href":"https:\/\/www.svctrail.it\/fr\/wp-json\/wp\/v2\/media?parent=1139"}],"curies":[{"name":"wp","href":"https:\/\/api.w.org\/{rel}","templated":true}]}}