{"id":1133,"date":"2022-09-05T09:57:10","date_gmt":"2022-09-05T09:57:10","guid":{"rendered":"https:\/\/www.svctrail.it\/accueil\/gravier-ou-vtt\/"},"modified":"2023-02-22T15:55:54","modified_gmt":"2023-02-22T15:55:54","slug":"gravier-ou-vtt","status":"publish","type":"page","link":"https:\/\/www.svctrail.it\/fr\/accueil\/gravier-ou-vtt\/","title":{"rendered":"Gravier ou VTT"},"content":{"rendered":"\t\t<div data-elementor-type=\"wp-page\" data-elementor-id=\"1133\" class=\"elementor elementor-1133 elementor-130\" data-elementor-post-type=\"page\">\n\t\t\t\t\t\t<section class=\"elementor-section elementor-top-section elementor-element elementor-element-bcfeecc elementor-section-full_width elementor-section-height-default elementor-section-height-default\" data-id=\"bcfeecc\" data-element_type=\"section\" data-e-type=\"section\">\n\t\t\t\t\t\t<div class=\"elementor-container elementor-column-gap-default\">\n\t\t\t\t\t<div class=\"elementor-column elementor-col-100 elementor-top-column elementor-element elementor-element-f3fb032\" data-id=\"f3fb032\" data-element_type=\"column\" data-e-type=\"column\">\n\t\t\t<div class=\"elementor-widget-wrap elementor-element-populated\">\n\t\t\t\t\t\t<div class=\"elementor-element elementor-element-f1e644d elementor-widget elementor-widget-shortcode\" data-id=\"f1e644d\" data-element_type=\"widget\" data-e-type=\"widget\" data-widget_type=\"shortcode.default\">\n\t\t\t\t<div class=\"elementor-widget-container\">\n\t\t\t\t\t\t\t<div class=\"elementor-shortcode\">\t\t<div id=\"maps-marker-pro-71a53c1e\" class=\"maps-marker-pro\" style=\"width: 100%;\">\r\n\t\t\t<div id=\"mmp-map-wrap-71a53c1e\" class=\"mmp-map-wrap\">\r\n\t\t\t\t\t\t\t\t<div id=\"mmp-map-71a53c1e\" class=\"mmp-map\" style=\"height: 500px;\"><\/div>\r\n\t\t\t\t\t\t\t\t\t<div id=\"mmp-chart-wrap-71a53c1e\" class=\"mmp-gpx-chart-wrap\" style=\"height: 200px;\"><\/div>\r\n\t\t\t\t\t\t\t<\/div>\r\n\t\t\t\t\t<\/div>\r\n\t\t<\/div>\n\t\t\t\t\t\t<\/div>\n\t\t\t\t<\/div>\n\t\t\t\t\t<\/div>\n\t\t<\/div>\n\t\t\t\t\t<\/div>\n\t\t<\/section>\n\t\t\t\t<section class=\"elementor-section elementor-top-section elementor-element elementor-element-850e554 elementor-section-height-min-height elementor-section-full_width elementor-section-height-default elementor-section-items-middle\" data-id=\"850e554\" data-element_type=\"section\" data-e-type=\"section\" data-settings=\"{&quot;background_background&quot;:&quot;classic&quot;}\">\n\t\t\t\t\t\t<div class=\"elementor-container elementor-column-gap-default\">\n\t\t\t\t\t<div class=\"elementor-column elementor-col-100 elementor-top-column elementor-element elementor-element-854d95b\" data-id=\"854d95b\" data-element_type=\"column\" data-e-type=\"column\">\n\t\t\t<div class=\"elementor-widget-wrap elementor-element-populated\">\n\t\t\t\t\t\t<section class=\"elementor-section elementor-inner-section elementor-element elementor-element-ea25983 elementor-section-full_width elementor-section-height-default elementor-section-height-default\" data-id=\"ea25983\" data-element_type=\"section\" data-e-type=\"section\">\n\t\t\t\t\t\t<div class=\"elementor-container elementor-column-gap-default\">\n\t\t\t\t\t<div class=\"elementor-column elementor-col-50 elementor-inner-column elementor-element elementor-element-3abbc57\" data-id=\"3abbc57\" data-element_type=\"column\" data-e-type=\"column\">\n\t\t\t<div class=\"elementor-widget-wrap elementor-element-populated\">\n\t\t\t\t\t\t<div class=\"elementor-element elementor-element-1612f7e elementor-widget elementor-widget-heading\" data-id=\"1612f7e\" data-element_type=\"widget\" data-e-type=\"widget\" data-widget_type=\"heading.default\">\n\t\t\t\t<div class=\"elementor-widget-container\">\n\t\t\t\t\t<h2 class=\"elementor-heading-title elementor-size-default\">gravel ou mtb<\/h2>\t\t\t\t<\/div>\n\t\t\t\t<\/div>\n\t\t\t\t\t<\/div>\n\t\t<\/div>\n\t\t\t\t<div class=\"elementor-column elementor-col-50 elementor-inner-column elementor-element elementor-element-7c90ffa\" data-id=\"7c90ffa\" data-element_type=\"column\" data-e-type=\"column\">\n\t\t\t<div class=\"elementor-widget-wrap elementor-element-populated\">\n\t\t\t\t\t\t<div class=\"elementor-element elementor-element-90ad939 elementor-position-inline-end elementor-mobile-position-inline-end elementor-view-default elementor-widget elementor-widget-icon-box\" data-id=\"90ad939\" data-element_type=\"widget\" data-e-type=\"widget\" data-widget_type=\"icon-box.default\">\n\t\t\t\t<div class=\"elementor-widget-container\">\n\t\t\t\t\t\t\t<div class=\"elementor-icon-box-wrapper\">\n\n\t\t\t\t\t\t<div class=\"elementor-icon-box-icon\">\n\t\t\t\t<a href=\"https:\/\/www.svctrail.it\/wp-content\/uploads\/2022\/09\/MTB-Superga-Vezzolano-Crea.gpx\" class=\"elementor-icon\" tabindex=\"-1\" aria-label=\"GPX\">\n\t\t\t\t<svg aria-hidden=\"true\" class=\"e-font-icon-svg e-fas-download\" viewBox=\"0 0 512 512\" xmlns=\"http:\/\/www.w3.org\/2000\/svg\"><path d=\"M216 0h80c13.3 0 24 10.7 24 24v168h87.7c17.8 0 26.7 21.5 14.1 34.1L269.7 378.3c-7.5 7.5-19.8 7.5-27.3 0L90.1 226.1c-12.6-12.6-3.7-34.1 14.1-34.1H192V24c0-13.3 10.7-24 24-24zm296 376v112c0 13.3-10.7 24-24 24H24c-13.3 0-24-10.7-24-24V376c0-13.3 10.7-24 24-24h146.7l49 49c20.1 20.1 52.5 20.1 72.6 0l49-49H488c13.3 0 24 10.7 24 24zm-124 88c0-11-9-20-20-20s-20 9-20 20 9 20 20 20 20-9 20-20zm64 0c0-11-9-20-20-20s-20 9-20 20 9 20 20 20 20-9 20-20z\"><\/path><\/svg>\t\t\t\t<\/a>\n\t\t\t<\/div>\n\t\t\t\n\t\t\t\t\t\t<div class=\"elementor-icon-box-content\">\n\n\t\t\t\t\t\t\t\t\t<h3 class=\"elementor-icon-box-title\">\n\t\t\t\t\t\t<a href=\"https:\/\/www.svctrail.it\/wp-content\/uploads\/2022\/09\/MTB-Superga-Vezzolano-Crea.gpx\" >\n\t\t\t\t\t\t\tGPX\t\t\t\t\t\t<\/a>\n\t\t\t\t\t<\/h3>\n\t\t\t\t\n\t\t\t\t\n\t\t\t<\/div>\n\t\t\t\n\t\t<\/div>\n\t\t\t\t\t\t<\/div>\n\t\t\t\t<\/div>\n\t\t\t\t\t<\/div>\n\t\t<\/div>\n\t\t\t\t\t<\/div>\n\t\t<\/section>\n\t\t\t\t<div class=\"elementor-element elementor-element-0b38754 elementor-widget elementor-widget-text-editor\" data-id=\"0b38754\" data-element_type=\"widget\" data-e-type=\"widget\" data-widget_type=\"text-editor.default\">\n\t\t\t\t<div class=\"elementor-widget-container\">\n\t\t\t\t\t\t\t\t\t<p>Le Superga Vezzolano Crea Trail, con\u00e7u pour les v\u00e9los Gravel et Mtb, est un itin\u00e9raire d&rsquo;environ 61 km qui, parmi les sentiers de la cr\u00eate de la colline au sud du P\u00f4, traverse trois lieux de grand prestige culturel, historique et religieux comme le  <i>Basilique de Superga<\/i>le  <i>Rectorat de Vezzolano<\/i>  et le Sanctuaire de la  <i>Mont Sacr\u00e9 de Crea<\/i>des collines de la r\u00e9gion de Turin au Monferrato Astigiano et au Casalese.<\/p>\n\t\t\t\t\t\t\t\t<\/div>\n\t\t\t\t<\/div>\n\t\t\t\t\t<\/div>\n\t\t<\/div>\n\t\t\t\t\t<\/div>\n\t\t<\/section>\n\t\t\t\t<section class=\"elementor-section elementor-top-section elementor-element elementor-element-3715106 elementor-section-full_width elementor-section-height-default elementor-section-height-default\" data-id=\"3715106\" data-element_type=\"section\" data-e-type=\"section\">\n\t\t\t\t\t\t<div class=\"elementor-container elementor-column-gap-default\">\n\t\t\t\t\t<div class=\"elementor-column elementor-col-100 elementor-top-column elementor-element elementor-element-052cfbf\" data-id=\"052cfbf\" data-element_type=\"column\" data-e-type=\"column\">\n\t\t\t<div class=\"elementor-widget-wrap elementor-element-populated\">\n\t\t\t\t\t\t<div class=\"elementor-element elementor-element-64616cb elementor-widget elementor-widget-image\" data-id=\"64616cb\" data-element_type=\"widget\" data-e-type=\"widget\" data-widget_type=\"image.default\">\n\t\t\t\t<div class=\"elementor-widget-container\">\n\t\t\t\t\t\t\t\t\t\t\t\t\t\t\t<img fetchpriority=\"high\" decoding=\"async\" width=\"1920\" height=\"1078\" src=\"https:\/\/www.svctrail.it\/wp-content\/uploads\/2022\/09\/road-gd6577f212_1920.jpg\" class=\"attachment-full size-full wp-image-893\" alt=\"\" srcset=\"https:\/\/www.svctrail.it\/wp-content\/uploads\/2022\/09\/road-gd6577f212_1920.jpg 1920w, https:\/\/www.svctrail.it\/wp-content\/uploads\/2022\/09\/road-gd6577f212_1920-300x168.jpg 300w, https:\/\/www.svctrail.it\/wp-content\/uploads\/2022\/09\/road-gd6577f212_1920-1024x575.jpg 1024w, https:\/\/www.svctrail.it\/wp-content\/uploads\/2022\/09\/road-gd6577f212_1920-768x431.jpg 768w, https:\/\/www.svctrail.it\/wp-content\/uploads\/2022\/09\/road-gd6577f212_1920-1536x862.jpg 1536w\" sizes=\"(max-width: 1920px) 100vw, 1920px\" \/>\t\t\t\t\t\t\t\t\t\t\t\t\t\t\t<\/div>\n\t\t\t\t<\/div>\n\t\t\t\t\t<\/div>\n\t\t<\/div>\n\t\t\t\t\t<\/div>\n\t\t<\/section>\n\t\t\t\t<\/div>\n\t\t","protected":false},"excerpt":{"rendered":"<p>gravel ou mtb GPX Le Superga Vezzolano Crea Trail, con\u00e7u pour les v\u00e9los Gravel et Mtb, est un itin\u00e9raire d&rsquo;environ 61 km qui, parmi les sentiers de la cr\u00eate de la colline au sud du P\u00f4, traverse trois lieux de grand prestige culturel, historique et religieux comme le Basilique de Supergale Rectorat de Vezzolano et [&hellip;]<\/p>\n","protected":false},"author":1,"featured_media":0,"parent":1012,"menu_order":0,"comment_status":"closed","ping_status":"closed","template":"elementor_header_footer","meta":{"footnotes":""},"class_list":["post-1133","page","type-page","status-publish","hentry"],"yoast_head":"<!-- This site is optimized with the Yoast SEO plugin v27.4 - https:\/\/yoast.com\/product\/yoast-seo-wordpress\/ -->\n<title>Superga Vezzolano Crea<\/title>\n<meta name=\"robots\" content=\"index, follow, max-snippet:-1, max-image-preview:large, max-video-preview:-1\" \/>\n<link rel=\"canonical\" href=\"https:\/\/www.svctrail.it\/superga-vezzolano-crea\/gravel-o-mtb\/\" \/>\n<meta property=\"og:locale\" content=\"fr_FR\" \/>\n<meta property=\"og:type\" content=\"article\" \/>\n<meta property=\"og:title\" content=\"Superga Vezzolano Crea\" \/>\n<meta property=\"og:description\" content=\"gravel ou mtb GPX Le Superga Vezzolano Crea Trail, con\u00e7u pour les v\u00e9los Gravel et Mtb, est un itin\u00e9raire d&rsquo;environ 61 km qui, parmi les sentiers de la cr\u00eate de la colline au sud du P\u00f4, traverse trois lieux de grand prestige culturel, historique et religieux comme le Basilique de Supergale Rectorat de Vezzolano et [&hellip;]\" \/>\n<meta property=\"og:url\" content=\"https:\/\/www.svctrail.it\/superga-vezzolano-crea\/gravel-o-mtb\/\" \/>\n<meta property=\"og:site_name\" content=\"SVC Trail\" \/>\n<meta property=\"article:modified_time\" content=\"2023-02-22T15:55:54+00:00\" \/>\n<meta property=\"og:image\" content=\"https:\/\/www.svctrail.it\/wp-content\/uploads\/2022\/09\/road-gd6577f212_1920.jpg\" \/>\n<meta name=\"twitter:card\" content=\"summary_large_image\" \/>\n<script type=\"application\/ld+json\" class=\"yoast-schema-graph\">{\"@context\":\"https:\\\/\\\/schema.org\",\"@graph\":[{\"@type\":\"WebPage\",\"@id\":\"https:\\\/\\\/www.svctrail.it\\\/superga-vezzolano-crea\\\/gravel-o-mtb\\\/\",\"url\":\"https:\\\/\\\/www.svctrail.it\\\/superga-vezzolano-crea\\\/gravel-o-mtb\\\/\",\"name\":\"Superga Vezzolano Crea\",\"isPartOf\":{\"@id\":\"https:\\\/\\\/www.svctrail.it\\\/#website\"},\"primaryImageOfPage\":{\"@id\":\"https:\\\/\\\/www.svctrail.it\\\/superga-vezzolano-crea\\\/gravel-o-mtb\\\/#primaryimage\"},\"image\":{\"@id\":\"https:\\\/\\\/www.svctrail.it\\\/superga-vezzolano-crea\\\/gravel-o-mtb\\\/#primaryimage\"},\"thumbnailUrl\":\"https:\\\/\\\/www.svctrail.it\\\/wp-content\\\/uploads\\\/2022\\\/09\\\/road-gd6577f212_1920.jpg\",\"datePublished\":\"2022-09-05T09:57:10+00:00\",\"dateModified\":\"2023-02-22T15:55:54+00:00\",\"breadcrumb\":{\"@id\":\"https:\\\/\\\/www.svctrail.it\\\/superga-vezzolano-crea\\\/gravel-o-mtb\\\/#breadcrumb\"},\"inLanguage\":\"fr-FR\",\"potentialAction\":[{\"@type\":\"ReadAction\",\"target\":[\"https:\\\/\\\/www.svctrail.it\\\/superga-vezzolano-crea\\\/gravel-o-mtb\\\/\"]}]},{\"@type\":\"ImageObject\",\"inLanguage\":\"fr-FR\",\"@id\":\"https:\\\/\\\/www.svctrail.it\\\/superga-vezzolano-crea\\\/gravel-o-mtb\\\/#primaryimage\",\"url\":\"https:\\\/\\\/www.svctrail.it\\\/wp-content\\\/uploads\\\/2022\\\/09\\\/road-gd6577f212_1920.jpg\",\"contentUrl\":\"https:\\\/\\\/www.svctrail.it\\\/wp-content\\\/uploads\\\/2022\\\/09\\\/road-gd6577f212_1920.jpg\"},{\"@type\":\"BreadcrumbList\",\"@id\":\"https:\\\/\\\/www.svctrail.it\\\/superga-vezzolano-crea\\\/gravel-o-mtb\\\/#breadcrumb\",\"itemListElement\":[{\"@type\":\"ListItem\",\"position\":1,\"name\":\"Home\",\"item\":\"https:\\\/\\\/www.svctrail.it\\\/\"},{\"@type\":\"ListItem\",\"position\":2,\"name\":\"Accueil\",\"item\":\"https:\\\/\\\/www.svctrail.it\\\/\"},{\"@type\":\"ListItem\",\"position\":3,\"name\":\"Gravier ou VTT\"}]},{\"@type\":\"WebSite\",\"@id\":\"https:\\\/\\\/www.svctrail.it\\\/#website\",\"url\":\"https:\\\/\\\/www.svctrail.it\\\/\",\"name\":\"SVC Trail\",\"description\":\"Superga Vezzolano Crea\",\"potentialAction\":[{\"@type\":\"SearchAction\",\"target\":{\"@type\":\"EntryPoint\",\"urlTemplate\":\"https:\\\/\\\/www.svctrail.it\\\/?s={search_term_string}\"},\"query-input\":{\"@type\":\"PropertyValueSpecification\",\"valueRequired\":true,\"valueName\":\"search_term_string\"}}],\"inLanguage\":\"fr-FR\"}]}<\/script>\n<!-- \/ Yoast SEO plugin. -->","yoast_head_json":{"title":"Superga Vezzolano Crea","robots":{"index":"index","follow":"follow","max-snippet":"max-snippet:-1","max-image-preview":"max-image-preview:large","max-video-preview":"max-video-preview:-1"},"canonical":"https:\/\/www.svctrail.it\/superga-vezzolano-crea\/gravel-o-mtb\/","og_locale":"fr_FR","og_type":"article","og_title":"Superga Vezzolano Crea","og_description":"gravel ou mtb GPX Le Superga Vezzolano Crea Trail, con\u00e7u pour les v\u00e9los Gravel et Mtb, est un itin\u00e9raire d&rsquo;environ 61 km qui, parmi les sentiers de la cr\u00eate de la colline au sud du P\u00f4, traverse trois lieux de grand prestige culturel, historique et religieux comme le Basilique de Supergale Rectorat de Vezzolano et [&hellip;]","og_url":"https:\/\/www.svctrail.it\/superga-vezzolano-crea\/gravel-o-mtb\/","og_site_name":"SVC Trail","article_modified_time":"2023-02-22T15:55:54+00:00","og_image":[{"url":"https:\/\/www.svctrail.it\/wp-content\/uploads\/2022\/09\/road-gd6577f212_1920.jpg","type":"","width":"","height":""}],"twitter_card":"summary_large_image","schema":{"@context":"https:\/\/schema.org","@graph":[{"@type":"WebPage","@id":"https:\/\/www.svctrail.it\/superga-vezzolano-crea\/gravel-o-mtb\/","url":"https:\/\/www.svctrail.it\/superga-vezzolano-crea\/gravel-o-mtb\/","name":"Superga Vezzolano Crea","isPartOf":{"@id":"https:\/\/www.svctrail.it\/#website"},"primaryImageOfPage":{"@id":"https:\/\/www.svctrail.it\/superga-vezzolano-crea\/gravel-o-mtb\/#primaryimage"},"image":{"@id":"https:\/\/www.svctrail.it\/superga-vezzolano-crea\/gravel-o-mtb\/#primaryimage"},"thumbnailUrl":"https:\/\/www.svctrail.it\/wp-content\/uploads\/2022\/09\/road-gd6577f212_1920.jpg","datePublished":"2022-09-05T09:57:10+00:00","dateModified":"2023-02-22T15:55:54+00:00","breadcrumb":{"@id":"https:\/\/www.svctrail.it\/superga-vezzolano-crea\/gravel-o-mtb\/#breadcrumb"},"inLanguage":"fr-FR","potentialAction":[{"@type":"ReadAction","target":["https:\/\/www.svctrail.it\/superga-vezzolano-crea\/gravel-o-mtb\/"]}]},{"@type":"ImageObject","inLanguage":"fr-FR","@id":"https:\/\/www.svctrail.it\/superga-vezzolano-crea\/gravel-o-mtb\/#primaryimage","url":"https:\/\/www.svctrail.it\/wp-content\/uploads\/2022\/09\/road-gd6577f212_1920.jpg","contentUrl":"https:\/\/www.svctrail.it\/wp-content\/uploads\/2022\/09\/road-gd6577f212_1920.jpg"},{"@type":"BreadcrumbList","@id":"https:\/\/www.svctrail.it\/superga-vezzolano-crea\/gravel-o-mtb\/#breadcrumb","itemListElement":[{"@type":"ListItem","position":1,"name":"Home","item":"https:\/\/www.svctrail.it\/"},{"@type":"ListItem","position":2,"name":"Accueil","item":"https:\/\/www.svctrail.it\/"},{"@type":"ListItem","position":3,"name":"Gravier ou VTT"}]},{"@type":"WebSite","@id":"https:\/\/www.svctrail.it\/#website","url":"https:\/\/www.svctrail.it\/","name":"SVC Trail","description":"Superga Vezzolano Crea","potentialAction":[{"@type":"SearchAction","target":{"@type":"EntryPoint","urlTemplate":"https:\/\/www.svctrail.it\/?s={search_term_string}"},"query-input":{"@type":"PropertyValueSpecification","valueRequired":true,"valueName":"search_term_string"}}],"inLanguage":"fr-FR"}]}},"_links":{"self":[{"href":"https:\/\/www.svctrail.it\/fr\/wp-json\/wp\/v2\/pages\/1133","targetHints":{"allow":["GET"]}}],"collection":[{"href":"https:\/\/www.svctrail.it\/fr\/wp-json\/wp\/v2\/pages"}],"about":[{"href":"https:\/\/www.svctrail.it\/fr\/wp-json\/wp\/v2\/types\/page"}],"author":[{"embeddable":true,"href":"https:\/\/www.svctrail.it\/fr\/wp-json\/wp\/v2\/users\/1"}],"replies":[{"embeddable":true,"href":"https:\/\/www.svctrail.it\/fr\/wp-json\/wp\/v2\/comments?post=1133"}],"version-history":[{"count":1,"href":"https:\/\/www.svctrail.it\/fr\/wp-json\/wp\/v2\/pages\/1133\/revisions"}],"predecessor-version":[{"id":1141,"href":"https:\/\/www.svctrail.it\/fr\/wp-json\/wp\/v2\/pages\/1133\/revisions\/1141"}],"up":[{"embeddable":true,"href":"https:\/\/www.svctrail.it\/fr\/wp-json\/wp\/v2\/pages\/1012"}],"wp:attachment":[{"href":"https:\/\/www.svctrail.it\/fr\/wp-json\/wp\/v2\/media?parent=1133"}],"curies":[{"name":"wp","href":"https:\/\/api.w.org\/{rel}","templated":true}]}}